{"id":565,"date":"2022-09-09T10:33:11","date_gmt":"2022-09-09T10:33:11","guid":{"rendered":"https:\/\/test.mertpont.hu\/?page_id=565"},"modified":"2026-01-18T11:51:13","modified_gmt":"2026-01-18T11:51:13","slug":"social-media-feed-design-and-illustration-hclu-2021","status":"publish","type":"page","link":"https:\/\/timeasofia.com\/index.php\/social-media-feed-design-and-illustration-hclu-2021\/","title":{"rendered":"Social media feed design and illustration HCLU \/2021\/"},"content":{"rendered":"\t\t<div data-elementor-type=\"wp-page\" data-elementor-id=\"565\" class=\"elementor elementor-565\" data-elementor-post-type=\"page\">\n\t\t\t\t\t\t<section class=\"elementor-section elementor-top-section elementor-element elementor-element-10d44703 elementor-section-boxed elementor-section-height-default elementor-section-height-default\" data-id=\"10d44703\" data-element_type=\"section\" data-e-type=\"section\">\n\t\t\t\t\t\t<div class=\"elementor-container elementor-column-gap-default\">\n\t\t\t\t\t<div class=\"elementor-column elementor-col-50 elementor-top-column elementor-element elementor-element-2188bf32\" data-id=\"2188bf32\" data-element_type=\"column\" data-e-type=\"column\">\n\t\t\t<div class=\"elementor-widget-wrap elementor-element-populated\">\n\t\t\t\t\t\t<section class=\"elementor-section elementor-inner-section elementor-element elementor-element-0fa6b1a elementor-section-boxed elementor-section-height-default elementor-section-height-default\" data-id=\"0fa6b1a\" data-element_type=\"section\" data-e-type=\"section\">\n\t\t\t\t\t\t<div class=\"elementor-container elementor-column-gap-default\">\n\t\t\t\t\t<div class=\"elementor-column elementor-col-50 elementor-inner-column elementor-element elementor-element-a1eff64\" data-id=\"a1eff64\" data-element_type=\"column\" data-e-type=\"column\">\n\t\t\t<div class=\"elementor-widget-wrap elementor-element-populated\">\n\t\t\t\t\t\t<div class=\"elementor-element elementor-element-5e55efa elementor-widget elementor-widget-image\" data-id=\"5e55efa\" data-element_type=\"widget\" data-e-type=\"widget\" data-widget_type=\"image.default\">\n\t\t\t\t<div class=\"elementor-widget-container\">\n\t\t\t\t\t\t\t\t\t\t\t\t\t\t\t<img fetchpriority=\"high\" decoding=\"async\" width=\"800\" height=\"800\" src=\"https:\/\/timeasofia.com\/wp-content\/uploads\/2022\/09\/forrodrottunteteses-1024x1024.jpg\" class=\"attachment-large size-large wp-image-570\" alt=\"\" srcset=\"https:\/\/timeasofia.com\/wp-content\/uploads\/2022\/09\/forrodrottunteteses-1024x1024.jpg 1024w, https:\/\/timeasofia.com\/wp-content\/uploads\/2022\/09\/forrodrottunteteses-300x300.jpg 300w, https:\/\/timeasofia.com\/wp-content\/uploads\/2022\/09\/forrodrottunteteses-150x150.jpg 150w, https:\/\/timeasofia.com\/wp-content\/uploads\/2022\/09\/forrodrottunteteses-768x768.jpg 768w, https:\/\/timeasofia.com\/wp-content\/uploads\/2022\/09\/forrodrottunteteses-1536x1536.jpg 1536w, https:\/\/timeasofia.com\/wp-content\/uploads\/2022\/09\/forrodrottunteteses.jpg 2000w\" sizes=\"(max-width: 800px) 100vw, 800px\" \/>\t\t\t\t\t\t\t\t\t\t\t\t\t\t\t<\/div>\n\t\t\t\t<\/div>\n\t\t\t\t\t<\/div>\n\t\t<\/div>\n\t\t\t\t<div class=\"elementor-column elementor-col-50 elementor-inner-column elementor-element elementor-element-2a79550\" data-id=\"2a79550\" data-element_type=\"column\" data-e-type=\"column\">\n\t\t\t<div class=\"elementor-widget-wrap elementor-element-populated\">\n\t\t\t\t\t\t<div class=\"elementor-element elementor-element-ce22141 elementor-widget elementor-widget-image\" data-id=\"ce22141\" data-element_type=\"widget\" data-e-type=\"widget\" data-widget_type=\"image.default\">\n\t\t\t\t<div class=\"elementor-widget-container\">\n\t\t\t\t\t\t\t\t\t\t\t\t\t\t\t<img decoding=\"async\" width=\"800\" height=\"800\" src=\"https:\/\/timeasofia.com\/wp-content\/uploads\/2022\/09\/0527_tasz-siker-kifejtes-01-1024x1024.jpg\" class=\"attachment-large size-large wp-image-571\" alt=\"\" srcset=\"https:\/\/timeasofia.com\/wp-content\/uploads\/2022\/09\/0527_tasz-siker-kifejtes-01-1024x1024.jpg 1024w, https:\/\/timeasofia.com\/wp-content\/uploads\/2022\/09\/0527_tasz-siker-kifejtes-01-300x300.jpg 300w, https:\/\/timeasofia.com\/wp-content\/uploads\/2022\/09\/0527_tasz-siker-kifejtes-01-150x150.jpg 150w, https:\/\/timeasofia.com\/wp-content\/uploads\/2022\/09\/0527_tasz-siker-kifejtes-01-768x768.jpg 768w, https:\/\/timeasofia.com\/wp-content\/uploads\/2022\/09\/0527_tasz-siker-kifejtes-01-1536x1536.jpg 1536w, https:\/\/timeasofia.com\/wp-content\/uploads\/2022\/09\/0527_tasz-siker-kifejtes-01-2048x2048.jpg 2048w\" sizes=\"(max-width: 800px) 100vw, 800px\" \/>\t\t\t\t\t\t\t\t\t\t\t\t\t\t\t<\/div>\n\t\t\t\t<\/div>\n\t\t\t\t\t<\/div>\n\t\t<\/div>\n\t\t\t\t\t<\/div>\n\t\t<\/section>\n\t\t\t\t<section class=\"elementor-section elementor-inner-section elementor-element elementor-element-a686a02 elementor-section-boxed elementor-section-height-default elementor-section-height-default\" data-id=\"a686a02\" data-element_type=\"section\" data-e-type=\"section\">\n\t\t\t\t\t\t<div class=\"elementor-container elementor-column-gap-default\">\n\t\t\t\t\t<div class=\"elementor-column elementor-col-50 elementor-inner-column elementor-element elementor-element-d3363c1\" data-id=\"d3363c1\" data-element_type=\"column\" data-e-type=\"column\">\n\t\t\t<div class=\"elementor-widget-wrap elementor-element-populated\">\n\t\t\t\t\t\t<div class=\"elementor-element elementor-element-5e576d0 elementor-widget elementor-widget-image\" data-id=\"5e576d0\" data-element_type=\"widget\" data-e-type=\"widget\" data-widget_type=\"image.default\">\n\t\t\t\t<div class=\"elementor-widget-container\">\n\t\t\t\t\t\t\t\t\t\t\t\t\t\t\t<img decoding=\"async\" width=\"800\" height=\"800\" src=\"https:\/\/timeasofia.com\/wp-content\/uploads\/2022\/09\/egyben-05-1024x1024.jpg\" class=\"attachment-large size-large wp-image-573\" alt=\"\" srcset=\"https:\/\/timeasofia.com\/wp-content\/uploads\/2022\/09\/egyben-05-1024x1024.jpg 1024w, https:\/\/timeasofia.com\/wp-content\/uploads\/2022\/09\/egyben-05-300x300.jpg 300w, https:\/\/timeasofia.com\/wp-content\/uploads\/2022\/09\/egyben-05-150x150.jpg 150w, https:\/\/timeasofia.com\/wp-content\/uploads\/2022\/09\/egyben-05-768x768.jpg 768w, https:\/\/timeasofia.com\/wp-content\/uploads\/2022\/09\/egyben-05-1536x1536.jpg 1536w, https:\/\/timeasofia.com\/wp-content\/uploads\/2022\/09\/egyben-05-2048x2048.jpg 2048w\" sizes=\"(max-width: 800px) 100vw, 800px\" \/>\t\t\t\t\t\t\t\t\t\t\t\t\t\t\t<\/div>\n\t\t\t\t<\/div>\n\t\t\t\t\t<\/div>\n\t\t<\/div>\n\t\t\t\t<div class=\"elementor-column elementor-col-50 elementor-inner-column elementor-element elementor-element-cd300e2\" data-id=\"cd300e2\" data-element_type=\"column\" data-e-type=\"column\">\n\t\t\t<div class=\"elementor-widget-wrap elementor-element-populated\">\n\t\t\t\t\t\t<div class=\"elementor-element elementor-element-90d01f0 elementor-widget elementor-widget-image\" data-id=\"90d01f0\" data-element_type=\"widget\" data-e-type=\"widget\" data-widget_type=\"image.default\">\n\t\t\t\t<div class=\"elementor-widget-container\">\n\t\t\t\t\t\t\t\t\t\t\t\t\t\t\t<img loading=\"lazy\" decoding=\"async\" width=\"800\" height=\"800\" src=\"https:\/\/timeasofia.com\/wp-content\/uploads\/2022\/09\/egyben-04-1024x1024.jpg\" class=\"attachment-large size-large wp-image-572\" alt=\"\" srcset=\"https:\/\/timeasofia.com\/wp-content\/uploads\/2022\/09\/egyben-04-1024x1024.jpg 1024w, https:\/\/timeasofia.com\/wp-content\/uploads\/2022\/09\/egyben-04-300x300.jpg 300w, https:\/\/timeasofia.com\/wp-content\/uploads\/2022\/09\/egyben-04-150x150.jpg 150w, https:\/\/timeasofia.com\/wp-content\/uploads\/2022\/09\/egyben-04-768x768.jpg 768w, https:\/\/timeasofia.com\/wp-content\/uploads\/2022\/09\/egyben-04-1536x1536.jpg 1536w, https:\/\/timeasofia.com\/wp-content\/uploads\/2022\/09\/egyben-04-2048x2048.jpg 2048w\" sizes=\"(max-width: 800px) 100vw, 800px\" \/>\t\t\t\t\t\t\t\t\t\t\t\t\t\t\t<\/div>\n\t\t\t\t<\/div>\n\t\t\t\t\t<\/div>\n\t\t<\/div>\n\t\t\t\t\t<\/div>\n\t\t<\/section>\n\t\t\t\t<div class=\"elementor-element elementor-element-2f3d64ad elementor-widget elementor-widget-image\" data-id=\"2f3d64ad\" data-element_type=\"widget\" data-e-type=\"widget\" data-widget_type=\"image.default\">\n\t\t\t\t<div class=\"elementor-widget-container\">\n\t\t\t\t\t\t\t\t\t\t\t\t\t\t\t<img loading=\"lazy\" decoding=\"async\" width=\"1226\" height=\"2048\" src=\"https:\/\/timeasofia.com\/wp-content\/uploads\/2022\/09\/egyben-02-2-1226x2048.jpg\" class=\"attachment-2048x2048 size-2048x2048 wp-image-580\" alt=\"\" srcset=\"https:\/\/timeasofia.com\/wp-content\/uploads\/2022\/09\/egyben-02-2-1226x2048.jpg 1226w, https:\/\/timeasofia.com\/wp-content\/uploads\/2022\/09\/egyben-02-2-180x300.jpg 180w, https:\/\/timeasofia.com\/wp-content\/uploads\/2022\/09\/egyben-02-2-613x1024.jpg 613w, https:\/\/timeasofia.com\/wp-content\/uploads\/2022\/09\/egyben-02-2-768x1282.jpg 768w, https:\/\/timeasofia.com\/wp-content\/uploads\/2022\/09\/egyben-02-2-920x1536.jpg 920w, https:\/\/timeasofia.com\/wp-content\/uploads\/2022\/09\/egyben-02-2-scaled.jpg 1533w\" sizes=\"(max-width: 1226px) 100vw, 1226px\" \/>\t\t\t\t\t\t\t\t\t\t\t\t\t\t\t<\/div>\n\t\t\t\t<\/div>\n\t\t\t\t<div class=\"elementor-element elementor-element-5e2a112 elementor-widget elementor-widget-image\" data-id=\"5e2a112\" data-element_type=\"widget\" data-e-type=\"widget\" data-widget_type=\"image.default\">\n\t\t\t\t<div class=\"elementor-widget-container\">\n\t\t\t\t\t\t\t\t\t\t\t\t\t\t\t<img loading=\"lazy\" decoding=\"async\" width=\"947\" height=\"1536\" src=\"https:\/\/timeasofia.com\/wp-content\/uploads\/2022\/09\/masodik-adag-illu2-02-1-947x1536.jpg\" class=\"attachment-1536x1536 size-1536x1536 wp-image-569\" alt=\"\" srcset=\"https:\/\/timeasofia.com\/wp-content\/uploads\/2022\/09\/masodik-adag-illu2-02-1-947x1536.jpg 947w, https:\/\/timeasofia.com\/wp-content\/uploads\/2022\/09\/masodik-adag-illu2-02-1-185x300.jpg 185w, https:\/\/timeasofia.com\/wp-content\/uploads\/2022\/09\/masodik-adag-illu2-02-1-631x1024.jpg 631w, https:\/\/timeasofia.com\/wp-content\/uploads\/2022\/09\/masodik-adag-illu2-02-1-768x1246.jpg 768w, https:\/\/timeasofia.com\/wp-content\/uploads\/2022\/09\/masodik-adag-illu2-02-1-1262x2048.jpg 1262w, https:\/\/timeasofia.com\/wp-content\/uploads\/2022\/09\/masodik-adag-illu2-02-1-scaled.jpg 1578w\" sizes=\"(max-width: 947px) 100vw, 947px\" \/>\t\t\t\t\t\t\t\t\t\t\t\t\t\t\t<\/div>\n\t\t\t\t<\/div>\n\t\t\t\t\t<\/div>\n\t\t<\/div>\n\t\t\t\t<div class=\"elementor-column elementor-col-50 elementor-top-column elementor-element elementor-element-394ee968\" data-id=\"394ee968\" data-element_type=\"column\" data-e-type=\"column\">\n\t\t\t<div class=\"elementor-widget-wrap elementor-element-populated\">\n\t\t\t\t\t\t<div class=\"elementor-element elementor-element-5f01b499 elementor-widget elementor-widget-text-editor\" data-id=\"5f01b499\" data-element_type=\"widget\" data-e-type=\"widget\" data-settings=\"{&quot;sticky&quot;:&quot;top&quot;,&quot;sticky_on&quot;:[&quot;desktop&quot;,&quot;tablet&quot;],&quot;sticky_offset&quot;:270,&quot;sticky_offset_tablet&quot;:70,&quot;sticky_effects_offset&quot;:0,&quot;sticky_anchor_link_offset&quot;:0}\" data-widget_type=\"text-editor.default\">\n\t\t\t\t<div class=\"elementor-widget-container\">\n\t\t\t\t\t\t\t\t\t<p>Instagram Feed and Illustrations<br \/>Hungarian Civil Liberties Union (T\u00e1rsas\u00e1g a Szabads\u00e1gjogok\u00e9rt) \/2021\/<\/p>\t\t\t\t\t\t\t\t<\/div>\n\t\t\t\t<\/div>\n\t\t\t\t\t<\/div>\n\t\t<\/div>\n\t\t\t\t\t<\/div>\n\t\t<\/section>\n\t\t\t\t<\/div>\n\t\t","protected":false},"excerpt":{"rendered":"<p>Instagram Feed and Illustrations Hungarian Civil Liberties Union (T\u00e1rsas\u00e1g a Szabads\u00e1gjogok\u00e9rt) \/2021\/<\/p>\n","protected":false},"author":3,"featured_media":747,"parent":0,"menu_order":0,"comment_status":"closed","ping_status":"closed","template":"","meta":{"footnotes":""},"class_list":["post-565","page","type-page","status-publish","has-post-thumbnail","hentry"],"jetpack_sharing_enabled":true,"_links":{"self":[{"href":"https:\/\/timeasofia.com\/index.php\/wp-json\/wp\/v2\/pages\/565","targetHints":{"allow":["GET"]}}],"collection":[{"href":"https:\/\/timeasofia.com\/index.php\/wp-json\/wp\/v2\/pages"}],"about":[{"href":"https:\/\/timeasofia.com\/index.php\/wp-json\/wp\/v2\/types\/page"}],"author":[{"embeddable":true,"href":"https:\/\/timeasofia.com\/index.php\/wp-json\/wp\/v2\/users\/3"}],"replies":[{"embeddable":true,"href":"https:\/\/timeasofia.com\/index.php\/wp-json\/wp\/v2\/comments?post=565"}],"version-history":[{"count":13,"href":"https:\/\/timeasofia.com\/index.php\/wp-json\/wp\/v2\/pages\/565\/revisions"}],"predecessor-version":[{"id":748,"href":"https:\/\/timeasofia.com\/index.php\/wp-json\/wp\/v2\/pages\/565\/revisions\/748"}],"wp:featuredmedia":[{"embeddable":true,"href":"https:\/\/timeasofia.com\/index.php\/wp-json\/wp\/v2\/media\/747"}],"wp:attachment":[{"href":"https:\/\/timeasofia.com\/index.php\/wp-json\/wp\/v2\/media?parent=565"}],"curies":[{"name":"wp","href":"https:\/\/api.w.org\/{rel}","templated":true}]}}