{"id":577,"date":"2022-09-09T11:00:43","date_gmt":"2022-09-09T11:00:43","guid":{"rendered":"https:\/\/test.mertpont.hu\/?page_id=577"},"modified":"2026-01-18T13:13:24","modified_gmt":"2026-01-18T13:13:24","slug":"coloring-booklet-encouraging-civil-courage-hclu","status":"publish","type":"page","link":"https:\/\/timeasofia.com\/index.php\/coloring-booklet-encouraging-civil-courage-hclu\/","title":{"rendered":"Coloring booklet encouraging civil courage HCLU"},"content":{"rendered":"\t\t<div data-elementor-type=\"wp-page\" data-elementor-id=\"577\" class=\"elementor elementor-577\" data-elementor-post-type=\"page\">\n\t\t\t\t\t\t<section class=\"elementor-section elementor-top-section elementor-element elementor-element-1cbc29e5 elementor-section-boxed elementor-section-height-default elementor-section-height-default\" data-id=\"1cbc29e5\" data-element_type=\"section\" data-e-type=\"section\">\n\t\t\t\t\t\t<div class=\"elementor-container elementor-column-gap-default\">\n\t\t\t\t\t<div class=\"elementor-column elementor-col-50 elementor-top-column elementor-element elementor-element-6bb53285\" data-id=\"6bb53285\" data-element_type=\"column\" data-e-type=\"column\">\n\t\t\t<div class=\"elementor-widget-wrap elementor-element-populated\">\n\t\t\t\t\t\t<section class=\"elementor-section elementor-inner-section elementor-element elementor-element-085c237 elementor-section-boxed elementor-section-height-default elementor-section-height-default\" data-id=\"085c237\" data-element_type=\"section\" data-e-type=\"section\">\n\t\t\t\t\t\t<div class=\"elementor-container elementor-column-gap-default\">\n\t\t\t\t\t<div class=\"elementor-column elementor-col-100 elementor-inner-column elementor-element elementor-element-f84438f\" data-id=\"f84438f\" data-element_type=\"column\" data-e-type=\"column\">\n\t\t\t<div class=\"elementor-widget-wrap\">\n\t\t\t\t\t\t\t<\/div>\n\t\t<\/div>\n\t\t\t\t\t<\/div>\n\t\t<\/section>\n\t\t\t\t<div class=\"elementor-element elementor-element-84bf2f9 elementor-widget elementor-widget-image\" data-id=\"84bf2f9\" data-element_type=\"widget\" data-e-type=\"widget\" data-widget_type=\"image.default\">\n\t\t\t\t<div class=\"elementor-widget-container\">\n\t\t\t\t\t\t\t\t\t\t\t\t\t\t\t<img fetchpriority=\"high\" decoding=\"async\" width=\"800\" height=\"566\" src=\"https:\/\/timeasofia.com\/wp-content\/uploads\/2022\/09\/szinezo_nyomtatnivalo-01-1024x724.jpg\" class=\"attachment-large size-large wp-image-588\" alt=\"\" srcset=\"https:\/\/timeasofia.com\/wp-content\/uploads\/2022\/09\/szinezo_nyomtatnivalo-01-1024x724.jpg 1024w, https:\/\/timeasofia.com\/wp-content\/uploads\/2022\/09\/szinezo_nyomtatnivalo-01-300x212.jpg 300w, https:\/\/timeasofia.com\/wp-content\/uploads\/2022\/09\/szinezo_nyomtatnivalo-01-768x543.jpg 768w, https:\/\/timeasofia.com\/wp-content\/uploads\/2022\/09\/szinezo_nyomtatnivalo-01-1536x1086.jpg 1536w, https:\/\/timeasofia.com\/wp-content\/uploads\/2022\/09\/szinezo_nyomtatnivalo-01-2048x1448.jpg 2048w\" sizes=\"(max-width: 800px) 100vw, 800px\" \/>\t\t\t\t\t\t\t\t\t\t\t\t\t\t\t<\/div>\n\t\t\t\t<\/div>\n\t\t\t\t<div class=\"elementor-element elementor-element-a536f2b elementor-widget elementor-widget-image\" data-id=\"a536f2b\" data-element_type=\"widget\" data-e-type=\"widget\" data-widget_type=\"image.default\">\n\t\t\t\t<div class=\"elementor-widget-container\">\n\t\t\t\t\t\t\t\t\t\t\t\t\t\t\t<img decoding=\"async\" width=\"800\" height=\"566\" src=\"https:\/\/timeasofia.com\/wp-content\/uploads\/2022\/09\/szinezo_nyomtatnivalo-02-1024x724.jpg\" class=\"attachment-large size-large wp-image-589\" alt=\"\" srcset=\"https:\/\/timeasofia.com\/wp-content\/uploads\/2022\/09\/szinezo_nyomtatnivalo-02-1024x724.jpg 1024w, https:\/\/timeasofia.com\/wp-content\/uploads\/2022\/09\/szinezo_nyomtatnivalo-02-300x212.jpg 300w, https:\/\/timeasofia.com\/wp-content\/uploads\/2022\/09\/szinezo_nyomtatnivalo-02-768x543.jpg 768w, https:\/\/timeasofia.com\/wp-content\/uploads\/2022\/09\/szinezo_nyomtatnivalo-02-1536x1087.jpg 1536w, https:\/\/timeasofia.com\/wp-content\/uploads\/2022\/09\/szinezo_nyomtatnivalo-02-2048x1449.jpg 2048w\" sizes=\"(max-width: 800px) 100vw, 800px\" \/>\t\t\t\t\t\t\t\t\t\t\t\t\t\t\t<\/div>\n\t\t\t\t<\/div>\n\t\t\t\t<div class=\"elementor-element elementor-element-a64c4d8 elementor-widget elementor-widget-image\" data-id=\"a64c4d8\" data-element_type=\"widget\" data-e-type=\"widget\" data-widget_type=\"image.default\">\n\t\t\t\t<div class=\"elementor-widget-container\">\n\t\t\t\t\t\t\t\t\t\t\t\t\t\t\t<img decoding=\"async\" width=\"800\" height=\"556\" src=\"https:\/\/timeasofia.com\/wp-content\/uploads\/2026\/01\/53074429146_3217119b7f_k-1-1024x712.png\" class=\"attachment-large size-large wp-image-876\" alt=\"\" srcset=\"https:\/\/timeasofia.com\/wp-content\/uploads\/2026\/01\/53074429146_3217119b7f_k-1-1024x712.png 1024w, https:\/\/timeasofia.com\/wp-content\/uploads\/2026\/01\/53074429146_3217119b7f_k-1-300x208.png 300w, https:\/\/timeasofia.com\/wp-content\/uploads\/2026\/01\/53074429146_3217119b7f_k-1-768x534.png 768w, https:\/\/timeasofia.com\/wp-content\/uploads\/2026\/01\/53074429146_3217119b7f_k-1-1536x1067.png 1536w, https:\/\/timeasofia.com\/wp-content\/uploads\/2026\/01\/53074429146_3217119b7f_k-1.png 1747w\" sizes=\"(max-width: 800px) 100vw, 800px\" \/>\t\t\t\t\t\t\t\t\t\t\t\t\t\t\t<\/div>\n\t\t\t\t<\/div>\n\t\t\t\t<div class=\"elementor-element elementor-element-696d459 elementor-widget elementor-widget-text-editor\" data-id=\"696d459\" data-element_type=\"widget\" data-e-type=\"widget\" data-widget_type=\"text-editor.default\">\n\t\t\t\t<div class=\"elementor-widget-container\">\n\t\t\t\t\t\t\t\t\t<p>*The children\u2019s faces were replaced using AI to protect their identity.<\/p>\t\t\t\t\t\t\t\t<\/div>\n\t\t\t\t<\/div>\n\t\t\t\t\t<\/div>\n\t\t<\/div>\n\t\t\t\t<div class=\"elementor-column elementor-col-50 elementor-top-column elementor-element elementor-element-303c0ef0\" data-id=\"303c0ef0\" data-element_type=\"column\" data-e-type=\"column\">\n\t\t\t<div class=\"elementor-widget-wrap elementor-element-populated\">\n\t\t\t\t\t\t<div class=\"elementor-element elementor-element-5613ad51 elementor-widget elementor-widget-text-editor\" data-id=\"5613ad51\" data-element_type=\"widget\" data-e-type=\"widget\" data-settings=\"{&quot;sticky&quot;:&quot;top&quot;,&quot;sticky_on&quot;:[&quot;desktop&quot;,&quot;tablet&quot;],&quot;sticky_offset&quot;:270,&quot;sticky_offset_tablet&quot;:70,&quot;sticky_effects_offset&quot;:0,&quot;sticky_anchor_link_offset&quot;:0}\" data-widget_type=\"text-editor.default\">\n\t\t\t\t<div class=\"elementor-widget-container\">\n\t\t\t\t\t\t\t\t\t<p>Coloring booklet encouraging civil courage and action<br \/>Hungarian Civil Liberties Union (T\u00e1sras\u00e1g a Szabads\u00e1gjogok\u00e9rt) \/2022\/<\/p>\t\t\t\t\t\t\t\t<\/div>\n\t\t\t\t<\/div>\n\t\t\t\t\t<\/div>\n\t\t<\/div>\n\t\t\t\t\t<\/div>\n\t\t<\/section>\n\t\t\t\t<\/div>\n\t\t","protected":false},"excerpt":{"rendered":"<p>*The children\u2019s faces were replaced using AI to protect their identity. Coloring booklet encouraging civil courage and actionHungarian Civil Liberties Union (T\u00e1sras\u00e1g a Szabads\u00e1gjogok\u00e9rt) \/2022\/<\/p>\n","protected":false},"author":3,"featured_media":606,"parent":0,"menu_order":0,"comment_status":"closed","ping_status":"closed","template":"","meta":{"footnotes":""},"class_list":["post-577","page","type-page","status-publish","has-post-thumbnail","hentry"],"jetpack_sharing_enabled":true,"_links":{"self":[{"href":"https:\/\/timeasofia.com\/index.php\/wp-json\/wp\/v2\/pages\/577","targetHints":{"allow":["GET"]}}],"collection":[{"href":"https:\/\/timeasofia.com\/index.php\/wp-json\/wp\/v2\/pages"}],"about":[{"href":"https:\/\/timeasofia.com\/index.php\/wp-json\/wp\/v2\/types\/page"}],"author":[{"embeddable":true,"href":"https:\/\/timeasofia.com\/index.php\/wp-json\/wp\/v2\/users\/3"}],"replies":[{"embeddable":true,"href":"https:\/\/timeasofia.com\/index.php\/wp-json\/wp\/v2\/comments?post=577"}],"version-history":[{"count":12,"href":"https:\/\/timeasofia.com\/index.php\/wp-json\/wp\/v2\/pages\/577\/revisions"}],"predecessor-version":[{"id":885,"href":"https:\/\/timeasofia.com\/index.php\/wp-json\/wp\/v2\/pages\/577\/revisions\/885"}],"wp:featuredmedia":[{"embeddable":true,"href":"https:\/\/timeasofia.com\/index.php\/wp-json\/wp\/v2\/media\/606"}],"wp:attachment":[{"href":"https:\/\/timeasofia.com\/index.php\/wp-json\/wp\/v2\/media?parent=577"}],"curies":[{"name":"wp","href":"https:\/\/api.w.org\/{rel}","templated":true}]}}